{"id":241425,"date":"2023-05-29T09:47:08","date_gmt":"2023-05-29T08:47:08","guid":{"rendered":"https:\/\/cave2023.prz.online\/product\/clemence-pinot-noir-aoc-geneve\/"},"modified":"2024-09-30T00:25:25","modified_gmt":"2024-09-29T23:25:25","slug":"clemence-pinot-noir-aoc-geneve","status":"publish","type":"product","link":"https:\/\/www.cavedegeneve.ch\/de\/boutique\/clemence-pinot-noir-aoc-geneve\/","title":{"rendered":"Cl\u00e9mence Pinot Noir AOC Gen\u00e8ve"},"content":{"rendered":"<p>B\u00fchne frei f\u00fcr den Pinot Noir, einen frischen, seidigen Wein voller Charme. Diese illustre Rebsorte von weicher Struktur und aussergew\u00f6hnlichem Schmelz spricht alle Sinne an. Die Farbe ist von zur\u00fcckhaltender Intensit\u00e4t, violette Reflexe leuchten. Das Bouquet charakterisieren kr\u00e4ftige D\u00fcfte roter und schwarzer Beeren wie auch florale Noten: Himbeere, Kirsche und Veilchen sind wahrnehmbar. Der K\u00f6rper ist verf\u00fchrerisch: weicher Antrunk, elegante Tannine, eine attraktive Frische, die sich zum Schluss steigert. Die starke Pers\u00f6nlichkeit ist gepr\u00e4gt vom 10- bis 12-monatigen Ausbau in Eichenholzf\u00e4ssern. Damit der Pinot Noir all seine Vorz\u00fcge ausspielen kann, servieren Sie ihn am besten zu schmackhaften Fleischgerichten mit Saucen, Grilliertem oder feinem Schweinefleisch.<\/p>\n","protected":false},"excerpt":{"rendered":"<p>75cl Flasche<\/p>\n","protected":false},"featured_media":8547,"comment_status":"closed","ping_status":"closed","template":"","meta":{"notes-boisees":[]},"product_brand":[],"product_cat":[641,164,187,169],"product_tag":[846],"class_list":{"0":"post-241425","1":"product","2":"type-product","3":"status-publish","4":"has-post-thumbnail","6":"product_cat-praemierte-weine","7":"product_cat-clemence-de","8":"product_cat-pinot-noir-de","9":"product_cat-rotwein","10":"product_tag-angebot","11":"product_shipping_class-livraison-en-suisse-de","13":"first","14":"instock","15":"taxable","16":"shipping-taxable","17":"purchasable","18":"product-type-simple"},"_links":{"self":[{"href":"https:\/\/www.cavedegeneve.ch\/de\/wp-json\/wp\/v2\/product\/241425","targetHints":{"allow":["GET"]}}],"collection":[{"href":"https:\/\/www.cavedegeneve.ch\/de\/wp-json\/wp\/v2\/product"}],"about":[{"href":"https:\/\/www.cavedegeneve.ch\/de\/wp-json\/wp\/v2\/types\/product"}],"replies":[{"embeddable":true,"href":"https:\/\/www.cavedegeneve.ch\/de\/wp-json\/wp\/v2\/comments?post=241425"}],"wp:featuredmedia":[{"embeddable":true,"href":"https:\/\/www.cavedegeneve.ch\/de\/wp-json\/wp\/v2\/media\/8547"}],"wp:attachment":[{"href":"https:\/\/www.cavedegeneve.ch\/de\/wp-json\/wp\/v2\/media?parent=241425"}],"wp:term":[{"taxonomy":"product_brand","embeddable":true,"href":"https:\/\/www.cavedegeneve.ch\/de\/wp-json\/wp\/v2\/product_brand?post=241425"},{"taxonomy":"product_cat","embeddable":true,"href":"https:\/\/www.cavedegeneve.ch\/de\/wp-json\/wp\/v2\/product_cat?post=241425"},{"taxonomy":"product_tag","embeddable":true,"href":"https:\/\/www.cavedegeneve.ch\/de\/wp-json\/wp\/v2\/product_tag?post=241425"}],"curies":[{"name":"wp","href":"https:\/\/api.w.org\/{rel}","templated":true}]}}