{"id":241418,"date":"2023-05-29T09:51:04","date_gmt":"2023-05-29T08:51:04","guid":{"rendered":"https:\/\/cave2023.prz.online\/product\/clemence-gamay-vieilles-vignes-aoc-geneve\/"},"modified":"2026-01-27T14:57:47","modified_gmt":"2026-01-27T13:57:47","slug":"clemence-gamay-vieilles-vignes-aoc-geneve","status":"publish","type":"product","link":"https:\/\/www.cavedegeneve.ch\/de\/boutique\/clemence-gamay-vieilles-vignes-aoc-geneve\/","title":{"rendered":"Cl\u00e9mence Gamay Vieilles Vignes AOC Gen\u00e8ve"},"content":{"rendered":"<p>Hinter einer tiefroten Robe mit rubinroten Reflexen verbirgt der Gamay Vieille Vignes ein Bouquet von sch\u00f6nem Ausdruck, das von Noten roter Fr\u00fcchte und Gew\u00fcrzen gepr\u00e4gt ist. Dieser reine Gamay stammt von \u00fcber 25 Jahre alten Rebst\u00f6cken mit tiefen Wurzeln. Am Gaumen ist er ein s\u00fcffiger, fruchtiger Wein, der uns mit seiner Rundheit, seiner Geschmeidigkeit und seiner ganzen Kraft bezaubert.<\/p>\n<p><strong>Dein kleine Extra<\/strong>: Damit er all seine durchdringenden Aromen freisetzen kann, servieren Sie ihn zu einer Aufschnittplatte, Terrinen oder gegrilltem Fleisch.<\/p>\n<p>&nbsp;<\/p>\n","protected":false},"excerpt":{"rendered":"<p>75cl Flasche<\/p>\n","protected":false},"featured_media":252434,"comment_status":"closed","ping_status":"closed","template":"","meta":{"notes-boisees":[]},"product_brand":[],"product_cat":[164,182,169],"product_tag":[845],"class_list":{"0":"post-241418","1":"product","2":"type-product","3":"status-publish","4":"has-post-thumbnail","6":"product_cat-clemence-de","7":"product_cat-gamay-de","8":"product_cat-rotwein","9":"product_tag-neu","10":"product_shipping_class-livraison-en-suisse-de","12":"first","13":"instock","14":"taxable","15":"shipping-taxable","16":"purchasable","17":"product-type-simple"},"_links":{"self":[{"href":"https:\/\/www.cavedegeneve.ch\/de\/wp-json\/wp\/v2\/product\/241418","targetHints":{"allow":["GET"]}}],"collection":[{"href":"https:\/\/www.cavedegeneve.ch\/de\/wp-json\/wp\/v2\/product"}],"about":[{"href":"https:\/\/www.cavedegeneve.ch\/de\/wp-json\/wp\/v2\/types\/product"}],"replies":[{"embeddable":true,"href":"https:\/\/www.cavedegeneve.ch\/de\/wp-json\/wp\/v2\/comments?post=241418"}],"wp:featuredmedia":[{"embeddable":true,"href":"https:\/\/www.cavedegeneve.ch\/de\/wp-json\/wp\/v2\/media\/252434"}],"wp:attachment":[{"href":"https:\/\/www.cavedegeneve.ch\/de\/wp-json\/wp\/v2\/media?parent=241418"}],"wp:term":[{"taxonomy":"product_brand","embeddable":true,"href":"https:\/\/www.cavedegeneve.ch\/de\/wp-json\/wp\/v2\/product_brand?post=241418"},{"taxonomy":"product_cat","embeddable":true,"href":"https:\/\/www.cavedegeneve.ch\/de\/wp-json\/wp\/v2\/product_cat?post=241418"},{"taxonomy":"product_tag","embeddable":true,"href":"https:\/\/www.cavedegeneve.ch\/de\/wp-json\/wp\/v2\/product_tag?post=241418"}],"curies":[{"name":"wp","href":"https:\/\/api.w.org\/{rel}","templated":true}]}}