{"id":254467,"date":"2023-02-21T08:59:32","date_gmt":"2023-02-21T07:59:32","guid":{"rendered":"https:\/\/dev.cavedegeneve.ch\/winzer\/"},"modified":"2023-10-31T15:05:14","modified_gmt":"2023-10-31T14:05:14","slug":"winzer","status":"publish","type":"page","link":"https:\/\/www.cavedegeneve.ch\/de\/winzer\/","title":{"rendered":"Winzer"},"content":{"rendered":"\t\t<div data-elementor-type=\"wp-page\" data-elementor-id=\"254467\" class=\"elementor elementor-254467 elementor-233320\" data-elementor-post-type=\"page\">\n\t\t\t\t<div class=\"elementor-element elementor-element-334c57e e-con-full e-flex elementor-invisible e-con e-parent\" data-id=\"334c57e\" data-element_type=\"container\" data-settings=\"{&quot;jet_parallax_layout_list&quot;:[],&quot;background_background&quot;:&quot;classic&quot;,&quot;animation&quot;:&quot;fadeIn&quot;}\">\n\t\t<div class=\"elementor-element elementor-element-9036009 e-con-full e-flex e-con e-child\" data-id=\"9036009\" data-element_type=\"container\" data-settings=\"{&quot;jet_parallax_layout_list&quot;:[]}\">\n\t\t\t\t<\/div>\n\t\t\t\t<\/div>\n\t\t<div class=\"elementor-element elementor-element-8490324 e-flex e-con-boxed elementor-invisible e-con e-parent\" data-id=\"8490324\" data-element_type=\"container\" data-settings=\"{&quot;jet_parallax_layout_list&quot;:[],&quot;animation&quot;:&quot;fadeIn&quot;}\">\n\t\t\t\t\t<div class=\"e-con-inner\">\n\t\t<div class=\"elementor-element elementor-element-8e6c133 e-con-full e-flex e-con e-child\" data-id=\"8e6c133\" data-element_type=\"container\" data-settings=\"{&quot;jet_parallax_layout_list&quot;:[]}\">\n\t\t\t\t<div class=\"elementor-element elementor-element-4965308 elementor-icon-list--layout-inline breadcrumbs elementor-list-item-link-full_width elementor-invisible elementor-widget elementor-widget-icon-list\" data-id=\"4965308\" data-element_type=\"widget\" data-settings=\"{&quot;_animation&quot;:&quot;fadeIn&quot;}\" data-widget_type=\"icon-list.default\">\n\t\t\t\t\t\t\t<ul class=\"elementor-icon-list-items elementor-inline-items\">\n\t\t\t\t\t\t\t<li class=\"elementor-icon-list-item elementor-inline-item\">\n\t\t\t\t\t\t\t\t\t\t\t<a href=\"https:\/\/www.cavedegeneve.ch\/de\/\">\n\n\t\t\t\t\t\t\t\t\t\t\t<span class=\"elementor-icon-list-text\">Startseite<\/span>\n\t\t\t\t\t\t\t\t\t\t\t<\/a>\n\t\t\t\t\t\t\t\t\t<\/li>\n\t\t\t\t\t\t\t\t<li class=\"elementor-icon-list-item elementor-inline-item\">\n\t\t\t\t\t\t\t\t\t\t\t<span class=\"elementor-icon-list-icon\">\n\t\t\t\t\t\t\t<svg xmlns=\"http:\/\/www.w3.org\/2000\/svg\" id=\"a\" viewBox=\"0 0 16 16\"><polygon points=\"5.18 15.35 4.47 14.65 11.12 8 4.47 1.35 5.18 .65 12.53 8 5.18 15.35\"><\/polygon><\/svg>\t\t\t\t\t\t<\/span>\n\t\t\t\t\t\t\t\t\t\t<span class=\"elementor-icon-list-text\">Winzer<\/span>\n\t\t\t\t\t\t\t\t\t<\/li>\n\t\t\t\t\t\t<\/ul>\n\t\t\t\t\t\t<\/div>\n\t\t\t\t<div class=\"elementor-element elementor-element-cc44901 elementor-widget elementor-widget-heading\" data-id=\"cc44901\" data-element_type=\"widget\" data-widget_type=\"heading.default\">\n\t\t\t\t\t<h1 class=\"elementor-heading-title elementor-size-default\">Die Winzer<\/h1>\t\t\t\t<\/div>\n\t\t\t\t<div class=\"elementor-element elementor-element-9d45f83 elementor-widget elementor-widget-text-editor\" data-id=\"9d45f83\" data-element_type=\"widget\" data-widget_type=\"text-editor.default\">\n\t\t\t\t\t\t\t\t\t<p>Hinter jedem unserer Weine steht eine Winzerin oder ein Winzer, die oder der ihren oder seinen Beruf liebt. Begeisterte und leidenschaftliche Frauen und M\u00e4nner mit unterschiedlichen Lebenswegen, aber einer gemeinsamen Leidenschaft: die Weinrebe. Entdecken Sie die Portr\u00e4ts derjenigen, die dank ihrer Arbeit und ihres Engagements daf\u00fcr sorgen, dass Sie im Laufe der Jahreszeiten qualitativ hochwertige Genfer Weine probieren k\u00f6nnen.<\/p>\n\t\t\t\t\t\t\t\t<\/div>\n\t\t\t\t<div class=\"elementor-element elementor-element-beab55d vignerons-box elementor-widget elementor-widget-jet-posts\" data-id=\"beab55d\" data-element_type=\"widget\" data-settings=\"{&quot;columns_tablet&quot;:&quot;2&quot;,&quot;columns_mobile&quot;:&quot;1&quot;,&quot;columns&quot;:3,&quot;slides_to_scroll&quot;:&quot;1&quot;}\" data-widget_type=\"jet-posts.default\">\n\t\t\t\t<div class=\"elementor-widget-container\">\n\t\t\t\t\t<div class=\"elementor-jet-posts jet-elements\"><div class=\"jet-posts col-row  jet-equal-cols\"><\/div>\n<\/div>\t\t\t\t<\/div>\n\t\t\t\t<\/div>\n\t\t\t\t<\/div>\n\t\t\t\t\t<\/div>\n\t\t\t\t<\/div>\n\t\t\t\t<\/div>\n\t\t","protected":false},"excerpt":{"rendered":"<p>Startseite Die Winzer Hinter jedem unserer Weine steht eine Winzerin oder ein Winzer, die oder der ihren oder seinen Beruf liebt. Begeisterte und leidenschaftliche Frauen und M\u00e4nner mit unterschiedlichen Lebenswegen, aber einer gemeinsamen Leidenschaft: die Weinrebe. Entdecken Sie die Portr\u00e4ts derjenigen, die dank ihrer Arbeit und ihres Engagements daf\u00fcr sorgen, dass Sie im Laufe der [&hellip;]<\/p>\n","protected":false},"author":1434,"featured_media":0,"parent":0,"menu_order":0,"comment_status":"closed","ping_status":"closed","template":"","meta":{"footnotes":""},"class_list":["post-254467","page","type-page","status-publish","hentry"],"_links":{"self":[{"href":"https:\/\/www.cavedegeneve.ch\/de\/wp-json\/wp\/v2\/pages\/254467","targetHints":{"allow":["GET"]}}],"collection":[{"href":"https:\/\/www.cavedegeneve.ch\/de\/wp-json\/wp\/v2\/pages"}],"about":[{"href":"https:\/\/www.cavedegeneve.ch\/de\/wp-json\/wp\/v2\/types\/page"}],"author":[{"embeddable":true,"href":"https:\/\/www.cavedegeneve.ch\/de\/wp-json\/wp\/v2\/users\/1434"}],"replies":[{"embeddable":true,"href":"https:\/\/www.cavedegeneve.ch\/de\/wp-json\/wp\/v2\/comments?post=254467"}],"version-history":[{"count":0,"href":"https:\/\/www.cavedegeneve.ch\/de\/wp-json\/wp\/v2\/pages\/254467\/revisions"}],"wp:attachment":[{"href":"https:\/\/www.cavedegeneve.ch\/de\/wp-json\/wp\/v2\/media?parent=254467"}],"curies":[{"name":"wp","href":"https:\/\/api.w.org\/{rel}","templated":true}]}}