{"id":251798,"date":"2023-08-16T22:14:17","date_gmt":"2023-08-16T21:14:17","guid":{"rendered":"https:\/\/cave2023.prz.online\/fokus-cuverie\/"},"modified":"2023-10-09T16:10:19","modified_gmt":"2023-10-09T15:10:19","slug":"fokus-cuverie","status":"publish","type":"page","link":"https:\/\/www.cavedegeneve.ch\/de\/fokus-cuverie\/","title":{"rendered":"Fokus Cuverie"},"content":{"rendered":"\t\t<div data-elementor-type=\"wp-page\" data-elementor-id=\"251798\" class=\"elementor elementor-251798 elementor-251782\" data-elementor-post-type=\"page\">\n\t\t\t\t\t\t<section class=\"elementor-section elementor-top-section elementor-element elementor-element-4fbf3fd elementor-section-full_width elementor-section-height-min-height elementor-section-height-default elementor-section-items-middle elementor-invisible\" data-id=\"4fbf3fd\" data-element_type=\"section\" data-settings=\"{&quot;jet_parallax_layout_list&quot;:[],&quot;background_background&quot;:&quot;classic&quot;,&quot;animation&quot;:&quot;fadeIn&quot;}\">\n\t\t\t\t\t\t<div class=\"elementor-container elementor-column-gap-default\">\n\t\t\t\t\t<div class=\"elementor-column elementor-col-100 elementor-top-column elementor-element elementor-element-f8ff849\" data-id=\"f8ff849\" data-element_type=\"column\">\n\t\t\t<div class=\"elementor-widget-wrap\">\n\t\t\t\t\t\t\t<\/div>\n\t\t<\/div>\n\t\t\t\t\t<\/div>\n\t\t<\/section>\n\t\t\t\t<section class=\"elementor-section elementor-top-section elementor-element elementor-element-c91cd49 elementor-section-boxed elementor-section-height-default elementor-section-height-default elementor-invisible\" data-id=\"c91cd49\" data-element_type=\"section\" data-settings=\"{&quot;jet_parallax_layout_list&quot;:[],&quot;animation&quot;:&quot;fadeIn&quot;}\">\n\t\t\t\t\t\t<div class=\"elementor-container elementor-column-gap-default\">\n\t\t\t\t\t<div class=\"elementor-column elementor-col-100 elementor-top-column elementor-element elementor-element-8890347\" data-id=\"8890347\" data-element_type=\"column\">\n\t\t\t<div class=\"elementor-widget-wrap elementor-element-populated\">\n\t\t\t\t\t\t<div class=\"elementor-element elementor-element-36f16c7 elementor-icon-list--layout-inline breadcrumbs elementor-list-item-link-full_width elementor-invisible elementor-widget elementor-widget-icon-list\" data-id=\"36f16c7\" data-element_type=\"widget\" data-settings=\"{&quot;_animation&quot;:&quot;fadeIn&quot;}\" data-widget_type=\"icon-list.default\">\n\t\t\t\t\t\t\t<ul class=\"elementor-icon-list-items elementor-inline-items\">\n\t\t\t\t\t\t\t<li class=\"elementor-icon-list-item elementor-inline-item\">\n\t\t\t\t\t\t\t\t\t\t<span class=\"elementor-icon-list-text\">Startseite<\/span>\n\t\t\t\t\t\t\t\t\t<\/li>\n\t\t\t\t\t\t\t\t<li class=\"elementor-icon-list-item elementor-inline-item\">\n\t\t\t\t\t\t\t\t\t\t\t<a href=\"https:\/\/www.cavedegeneve.ch\/cellier-et-cuverie\/\">\n\n\t\t\t\t\t\t\t\t\t\t\t\t<span class=\"elementor-icon-list-icon\">\n\t\t\t\t\t\t\t<svg xmlns=\"http:\/\/www.w3.org\/2000\/svg\" id=\"a\" viewBox=\"0 0 16 16\"><polygon points=\"5.18 15.35 4.47 14.65 11.12 8 4.47 1.35 5.18 .65 12.53 8 5.18 15.35\"><\/polygon><\/svg>\t\t\t\t\t\t<\/span>\n\t\t\t\t\t\t\t\t\t\t<span class=\"elementor-icon-list-text\">Keller &amp; Cuverie<\/span>\n\t\t\t\t\t\t\t\t\t\t\t<\/a>\n\t\t\t\t\t\t\t\t\t<\/li>\n\t\t\t\t\t\t\t\t<li class=\"elementor-icon-list-item elementor-inline-item\">\n\t\t\t\t\t\t\t\t\t\t\t<span class=\"elementor-icon-list-icon\">\n\t\t\t\t\t\t\t<svg xmlns=\"http:\/\/www.w3.org\/2000\/svg\" id=\"a\" viewBox=\"0 0 16 16\"><polygon points=\"5.18 15.35 4.47 14.65 11.12 8 4.47 1.35 5.18 .65 12.53 8 5.18 15.35\"><\/polygon><\/svg>\t\t\t\t\t\t<\/span>\n\t\t\t\t\t\t\t\t\t\t<span class=\"elementor-icon-list-text\">Fokus Cuverie<\/span>\n\t\t\t\t\t\t\t\t\t<\/li>\n\t\t\t\t\t\t<\/ul>\n\t\t\t\t\t\t<\/div>\n\t\t\t\t<div class=\"elementor-element elementor-element-8631b70 elementor-invisible elementor-widget elementor-widget-heading\" data-id=\"8631b70\" data-element_type=\"widget\" data-settings=\"{&quot;_animation&quot;:&quot;fadeInUp&quot;}\" data-widget_type=\"heading.default\">\n\t\t\t\t\t<h1 class=\"elementor-heading-title elementor-size-default\">Fokus Cuverie<\/h1>\t\t\t\t<\/div>\n\t\t\t\t<div class=\"elementor-element elementor-element-1004443 elementor-invisible elementor-widget elementor-widget-text-editor\" data-id=\"1004443\" data-element_type=\"widget\" data-settings=\"{&quot;_animation&quot;:&quot;fadeIn&quot;}\" data-widget_type=\"text-editor.default\">\n\t\t\t\t\t\t\t\t\t<p>L\u2019\u0153nologie est un domaine complexe et passionnant, qui reste pour celles et ceux qui s\u2019y int\u00e9ressent, une vraie source de d\u00e9couvertes et de plaisirs. Si la vinification des vins blancs et ros\u00e9s est diff\u00e9rente de celle des vins rouges, les principes de base qui participent \u00e0 leur \u00e9laboration s\u2019av\u00e8rent tr\u00e8s similaires.<\/p>\n\t\t\t\t\t\t\t\t<\/div>\n\t\t\t\t<section class=\"elementor-section elementor-inner-section elementor-element elementor-element-898332e elementor-section-boxed elementor-section-height-default elementor-section-height-default\" data-id=\"898332e\" data-element_type=\"section\" data-settings=\"{&quot;jet_parallax_layout_list&quot;:[]}\">\n\t\t\t\t\t\t<div class=\"elementor-container elementor-column-gap-default\">\n\t\t\t\t\t<div class=\"elementor-column elementor-col-100 elementor-inner-column elementor-element elementor-element-b7c4ffa\" data-id=\"b7c4ffa\" data-element_type=\"column\">\n\t\t\t<div class=\"elementor-widget-wrap elementor-element-populated\">\n\t\t\t\t\t\t<div class=\"elementor-element elementor-element-75f84c9 elementor-position-left elementor-mobile-position-left elementor-view-default elementor-invisible elementor-widget elementor-widget-icon-box\" data-id=\"75f84c9\" data-element_type=\"widget\" data-settings=\"{&quot;_animation&quot;:&quot;fadeIn&quot;}\" data-widget_type=\"icon-box.default\">\n\t\t\t\t\t\t\t<div class=\"elementor-icon-box-wrapper\">\n\n\t\t\t\t\t\t<div class=\"elementor-icon-box-icon\">\n\t\t\t\t<span  class=\"elementor-icon\">\n\t\t\t\t<svg xmlns=\"http:\/\/www.w3.org\/2000\/svg\" id=\"a\" viewBox=\"0 0 60 60\"><defs><style>.b{fill:#005781;}.c{fill:#e3dbb2;}<\/style><\/defs><path class=\"c\" d=\"M30,3c14.89,0,27,12.11,27,27s-12.11,27-27,27S3,44.89,3,30,15.11,3,30,3m0-2C13.98,1,1,13.98,1,30s12.98,29,29,29,29-12.98,29-29S46.02,1,30,1h0Z\"><\/path><path class=\"b\" d=\"M35.62,43.61h-10.46c-.02-.14-.02-.25-.02-.34,0-.26,.05-.44,.16-.54s.44-.2,1-.31c.88-.18,1.6-.4,2.15-.66,.15-.33,.23-.65,.23-.94v-1.42c0-.17,.02-.94,.07-2.31,.02-.52,.03-2.75,.05-6.71l.05-5.37-.05-3.13c0-.46,.02-1.9,.05-4.32-3.46,2.47-5.35,3.7-5.69,3.7-.12,0-.25-.06-.39-.19-.14-.13-.21-.25-.21-.38,0-.15,.05-.27,.16-.37,.21-.2,.72-.53,1.53-.98,.12-.06,.65-.47,1.58-1.23,1.48-1.23,2.56-2.2,3.24-2.9,.69-.7,1.1-1.1,1.26-1.19,.3-.02,.54-.02,.71-.02,.4,0,.64,.06,.74,.19,.1,.13,.15,.6,.15,1.41l-.16,20.37v2.01c0,.49,0,.98-.02,1.47-.02,.5-.02,.86-.02,1.08,0,.55,.07,.91,.21,1.08,.09,.11,.37,.24,.84,.41l1.55,.32c.67,.17,1.04,.28,1.1,.34,.15,.13,.23,.34,.23,.62l-.02,.29Z\"><\/path><\/svg>\t\t\t\t<\/span>\n\t\t\t<\/div>\n\t\t\t\n\t\t\t\t\t\t<div class=\"elementor-icon-box-content\">\n\n\t\t\t\t\t\t\t\t\t<h3 class=\"elementor-icon-box-title\">\n\t\t\t\t\t\t<span  >\n\t\t\t\t\t\t\tGESCHLOSSENE TANKS\t\t\t\t\t\t<\/span>\n\t\t\t\t\t<\/h3>\n\t\t\t\t\n\t\t\t\t\t\t\t\t\t<p class=\"elementor-icon-box-description\">\n\t\t\t\t\t\tF\u00fcr die Herstellung einiger unserer Baccarat-Produkte, insbesondere Brut Blanc de Blancs, Brut Ros\u00e9 Prestige und Demi-sec, sind spezielle thermoregulierte Edelstahltanks erforderlich. Mit einem Fassungsverm\u00f6gen zwischen 5.000 und 20.000 Litern k\u00f6nnen diese Tanks einem Druck von 10 bar standhalten.\r\n\r\n\t\t\t\t\t<\/p>\n\t\t\t\t\n\t\t\t<\/div>\n\t\t\t\n\t\t<\/div>\n\t\t\t\t\t\t<\/div>\n\t\t\t\t\t<\/div>\n\t\t<\/div>\n\t\t\t\t\t<\/div>\n\t\t<\/section>\n\t\t\t\t<div class=\"elementor-element elementor-element-9c2290b elementor-position-left elementor-mobile-position-left elementor-view-default elementor-invisible elementor-widget elementor-widget-icon-box\" data-id=\"9c2290b\" data-element_type=\"widget\" data-settings=\"{&quot;_animation&quot;:&quot;fadeIn&quot;}\" data-widget_type=\"icon-box.default\">\n\t\t\t\t\t\t\t<div class=\"elementor-icon-box-wrapper\">\n\n\t\t\t\t\t\t<div class=\"elementor-icon-box-icon\">\n\t\t\t\t<span  class=\"elementor-icon\">\n\t\t\t\t<svg xmlns=\"http:\/\/www.w3.org\/2000\/svg\" id=\"a\" viewBox=\"0 0 60 60\"><defs><style>.b{fill:#005781;}.c{fill:#e3dbb2;}<\/style><\/defs><path class=\"c\" d=\"M30,3c14.89,0,27,12.11,27,27s-12.11,27-27,27S3,44.89,3,30,15.11,3,30,3m0-2C13.98,1,1,13.98,1,30s12.98,29,29,29,29-12.98,29-29S46.02,1,30,1h0Z\"><\/path><path class=\"b\" d=\"M38.98,43.61c-2.28-.09-5.34-.14-9.18-.14l-4.96,.14-2.21-.07-1.76,.07c-.18-.01-.45-.05-.8-.11,.27-.64,.62-1.23,1.05-1.76,1.26-1.55,3.11-3.55,5.55-6.01,3.41-3.43,5.66-6.12,6.74-8.07,1.08-1.96,1.62-3.79,1.62-5.52,0-1.61-.55-2.97-1.64-4.07-1.1-1.1-2.44-1.64-4.04-1.64-.96,0-1.89,.23-2.79,.67-.9,.45-1.62,1.02-2.17,1.7-.35,.44-.81,1.32-1.39,2.65-.32,.73-.51,1.13-.57,1.19-.09,.11-.2,.16-.32,.16s-.24-.06-.35-.19-.17-.29-.17-.49c0-.69,.35-1.78,1.04-3.29,.69-1.51,1.71-2.69,3.06-3.54,1.35-.85,2.91-1.28,4.69-1.28,2.33,0,4.28,.76,5.84,2.27,1.56,1.52,2.34,3.32,2.34,5.42,0,1.66-.53,3.35-1.6,5.06s-3.52,4.34-7.35,7.87c-1.26,1.16-2.16,2.01-2.7,2.56-.53,.55-1.61,1.74-3.22,3.56,2.33,.09,4.45,.14,6.35,.14,.41,0,.86-.01,1.35-.05,.9-.03,1.42-.05,1.58-.05l3.17,.07c.35,0,.71-.17,1.07-.5s.86-1.28,1.48-2.83l.55-.02c.08,0,.19,0,.34,.02,.08,.15,.11,.27,.11,.34l-.05,.18c-.12,.44-.23,1.25-.32,2.42-.06,.69-.17,1.73-.34,3.13Z\"><\/path><\/svg>\t\t\t\t<\/span>\n\t\t\t<\/div>\n\t\t\t\n\t\t\t\t\t\t<div class=\"elementor-icon-box-content\">\n\n\t\t\t\t\t\t\t\t\t<h3 class=\"elementor-icon-box-title\">\n\t\t\t\t\t\t<span  >\n\t\t\t\t\t\t\tCUVEE F\u00dcR WEISS- UND ROS\u00c9WEINE\t\t\t\t\t\t<\/span>\n\t\t\t\t\t<\/h3>\n\t\t\t\t\n\t\t\t\t\t\t\t\t\t<p class=\"elementor-icon-box-description\">\n\t\t\t\t\t\tUm die G\u00e4rung der Wei\u00df- und Ros\u00e9weine zu gew\u00e4hrleisten, verf\u00fcgt La Cave de Gen\u00e8ve \u00fcber ein gro\u00dfes Tanklager. F\u00fcr die Weinbereitung und die K\u00fchllagerung sind 77 davon thermoreguliert. Die Temperierung ist wichtig, um die Temperatur des Weins w\u00e4hrend der G\u00e4rung zu kontrollieren und unter anderem seine Struktur und sein aromatisches Profil zu verfeinern. Es ist auch f\u00fcr die kalte Einstellung notwendig (Weinsicherheit). Das Fassungsverm\u00f6gen dieser Tanks variiert zwischen 1.250 Litern und 50.600 Litern.\t\t\t\t\t<\/p>\n\t\t\t\t\n\t\t\t<\/div>\n\t\t\t\n\t\t<\/div>\n\t\t\t\t\t\t<\/div>\n\t\t\t\t<div class=\"elementor-element elementor-element-9fba5ee elementor-position-left elementor-mobile-position-left elementor-view-default elementor-invisible elementor-widget elementor-widget-icon-box\" data-id=\"9fba5ee\" data-element_type=\"widget\" data-settings=\"{&quot;_animation&quot;:&quot;fadeIn&quot;}\" data-widget_type=\"icon-box.default\">\n\t\t\t\t\t\t\t<div class=\"elementor-icon-box-wrapper\">\n\n\t\t\t\t\t\t<div class=\"elementor-icon-box-icon\">\n\t\t\t\t<span  class=\"elementor-icon\">\n\t\t\t\t<svg xmlns=\"http:\/\/www.w3.org\/2000\/svg\" id=\"a\" viewBox=\"0 0 60 60\"><defs><style>.b{fill:#005781;}.c{fill:#e3dbb2;}<\/style><\/defs><path class=\"c\" d=\"M30,3c14.89,0,27,12.11,27,27s-12.11,27-27,27S3,44.89,3,30,15.11,3,30,3m0-2C13.98,1,1,13.98,1,30s12.98,29,29,29,29-12.98,29-29S46.02,1,30,1h0Z\"><\/path><path class=\"b\" d=\"M22.94,20.63l-.75-.41c.96-2.33,2.1-3.97,3.43-4.92,1.32-.95,2.87-1.43,4.64-1.43,1.64,0,2.96,.37,3.95,1.1,1.48,1.1,2.21,2.33,2.21,3.7,0,1.11-.38,2.23-1.13,3.36-.75,1.13-2.07,2.39-3.96,3.79l.55-.02c1.19,0,2.33,.3,3.44,.9s1.98,1.54,2.62,2.81c.64,1.27,.96,2.64,.96,4.1,0,2.94-1.08,5.46-3.23,7.55-2.16,2.09-4.9,3.14-8.23,3.14-2.53,0-4.39-.37-5.6-1.1-.66-.38-.98-.86-.98-1.44,0-.32,.13-.61,.4-.87,.27-.26,.6-.39,.99-.39,.5,0,1.11,.27,1.83,.82,1.69,1.29,3.16,1.94,4.41,1.94,1.89,0,3.56-.79,5.02-2.39,1.46-1.59,2.19-3.6,2.19-6.02,0-2.01-.49-3.66-1.47-4.95-.98-1.29-2.23-1.93-3.73-1.93-1.13,0-2.3,.53-3.52,1.6l-.55-.91c.76-.65,1.45-1.21,2.06-1.67,1.86-1.35,3.24-2.69,4.16-4,.65-.94,.98-1.77,.98-2.49,0-1.2-.43-2.22-1.28-3.05-.85-.83-1.97-1.25-3.36-1.25-2.29,0-4.29,1.47-6.03,4.41Z\"><\/path><\/svg>\t\t\t\t<\/span>\n\t\t\t<\/div>\n\t\t\t\n\t\t\t\t\t\t<div class=\"elementor-icon-box-content\">\n\n\t\t\t\t\t\t\t\t\t<h3 class=\"elementor-icon-box-title\">\n\t\t\t\t\t\t<span  >\n\t\t\t\t\t\t\tROTWEINFASS\t\t\t\t\t\t<\/span>\n\t\t\t\t\t<\/h3>\n\t\t\t\t\n\t\t\t\t\t\t\t\t\t<p class=\"elementor-icon-box-description\">\n\t\t\t\t\t\tIm September 2012 hat La Cave de Gen\u00e8ve seine neuen Rotweintanks eingeweiht, die von den fortschrittlichsten technologischen Entwicklungen profitieren. Die 10 alten Stahltanks (18\u2019000 Liter) wichen 14 thermoregulierten Edelstahltanks: 7 Tanks mit 19\u2019000 Litern kegelstumpff\u00f6rmiger Form und 7 Tanks mit 22\u2019000 Litern zylindrischer Form. Diese 14 Tanks sind in 2 Bl\u00f6cke zu je 7 Elementen unterteilt. Jeder Block ist 10 Meter hoch und wiegt mehr als 3 Tonnen. Alle diese Tanks sind thermoreguliert und mit einer Pumpe zum Umpumpen ausgestattet.\t\t\t\t\t<\/p>\n\t\t\t\t\n\t\t\t<\/div>\n\t\t\t\n\t\t<\/div>\n\t\t\t\t\t\t<\/div>\n\t\t\t\t<div class=\"elementor-element elementor-element-1affde3 elementor-position-left elementor-mobile-position-left elementor-view-default elementor-invisible elementor-widget elementor-widget-icon-box\" data-id=\"1affde3\" data-element_type=\"widget\" data-settings=\"{&quot;_animation&quot;:&quot;fadeIn&quot;}\" data-widget_type=\"icon-box.default\">\n\t\t\t\t\t\t\t<div class=\"elementor-icon-box-wrapper\">\n\n\t\t\t\t\t\t<div class=\"elementor-icon-box-icon\">\n\t\t\t\t<span  class=\"elementor-icon\">\n\t\t\t\t<svg xmlns=\"http:\/\/www.w3.org\/2000\/svg\" id=\"a\" viewBox=\"0 0 60 60\"><defs><style>.b{fill:#005781;}.c{fill:#e3dbb2;}<\/style><\/defs><path class=\"c\" d=\"M30,3c14.89,0,27,12.11,27,27s-12.11,27-27,27S3,44.89,3,30,15.11,3,30,3m0-2C13.98,1,1,13.98,1,30s12.98,29,29,29,29-12.98,29-29S46.02,1,30,1h0Z\"><\/path><path class=\"b\" d=\"M34.37,13.87h1.07c-.01,.47-.02,.75-.02,.85l.05,3.36-.12,3.02,.09,3.36v2.65l.02,3.61c0,.56,0,1.42-.02,2.56l.48,.02h1.61l1.55,.02,1.27-.05c.03,.47,.05,.82,.05,1.05s-.02,.58-.05,1.05c-.94,.04-1.45,.07-1.52,.07l-1.14-.02h-.91c-.24,0-.69-.01-1.34-.04-.03,2.16-.03,5.03,0,8.61-.09,.09-.19,.15-.3,.18l-1.43,.04c-.31,0-.77-.01-1.4-.04,.03-1.8,.05-3.08,.05-3.86,0-.69-.01-1.31-.05-1.87-.04-1.04-.07-1.63-.07-1.78,0-.27,.02-.7,.07-1.28-.64,.08-1.14,.11-1.49,.11-.18,0-.39,0-.62-.02-1.54-.08-2.41-.12-2.61-.12s-.69,.05-1.46,.16l-2.35-.14-1.28,.07-.87-.14-1.09,.23-.21-.16c-.03-.33-.04-.58-.04-.75s.01-.42,.04-.75c.43-.56,1.21-1.71,2.35-3.43l4.46-6.47c1.1-1.63,2.02-2.93,2.77-3.89,.75-.96,1.48-1.99,2.22-3.1s1.48-2.14,2.24-3.12Zm-2.06,19.42l.02-3.74-.02-2.97v-7.65c-1.25,1.64-2.98,4.12-5.2,7.45-2.54,3.8-4.05,6.09-4.52,6.88,.67-.03,1.17-.04,1.51-.04l6.25,.11c.46,0,1.11-.01,1.96-.04Z\"><\/path><\/svg>\t\t\t\t<\/span>\n\t\t\t<\/div>\n\t\t\t\n\t\t\t\t\t\t<div class=\"elementor-icon-box-content\">\n\n\t\t\t\t\t\t\t\t\t<h3 class=\"elementor-icon-box-title\">\n\t\t\t\t\t\t<span  >\n\t\t\t\t\t\t\tFASSKELLER\t\t\t\t\t\t<\/span>\n\t\t\t\t\t<\/h3>\n\t\t\t\t\n\t\t\t\t\t\t\t\t\t<p class=\"elementor-icon-box-description\">\n\t\t\t\t\t\tDie Reifung von Weinen in F\u00e4ssern erfordert eine sehr sorgf\u00e4ltige \u00f6nologische Kontrolle und eine wichtige Arbeit beim Intonieren, Extrahieren und Waschen der F\u00e4sser. Mit einem Fassungsverm\u00f6gen von \u00fcber 450 F\u00e4ssern verf\u00fcgt La Cave de Gen\u00e8ve \u00fcber einen der gr\u00f6ssten Fasskeller der Schweiz. In diesem Keller werden die Weine der Cl\u00e9mence-Linie vinifiziert und gereift. Dieser Raum ist voll klimatisiert und verf\u00fcgt \u00fcber eine Hygrometrie, die automatisch angepasst wird, um ein \u00fcberm\u00e4\u00dfiges Verdampfen des Weins zu verhindern. Ein ausgekl\u00fcgeltes Lagersystem optimiert die Lagerh\u00f6he und reduziert das Handling. F\u00e4sser verbringen ihr ganzes Leben auf der gleichen Unterlage, ohne bewegt werden zu m\u00fcssen. Trommeln werden normalerweise 3 oder 4 Jahre lang verwendet.\t\t\t\t\t<\/p>\n\t\t\t\t\n\t\t\t<\/div>\n\t\t\t\n\t\t<\/div>\n\t\t\t\t\t\t<\/div>\n\t\t\t\t<div class=\"elementor-element elementor-element-d35340a elementor-position-left elementor-mobile-position-left elementor-view-default elementor-invisible elementor-widget elementor-widget-icon-box\" data-id=\"d35340a\" data-element_type=\"widget\" data-settings=\"{&quot;_animation&quot;:&quot;fadeIn&quot;}\" data-widget_type=\"icon-box.default\">\n\t\t\t\t\t\t\t<div class=\"elementor-icon-box-wrapper\">\n\n\t\t\t\t\t\t<div class=\"elementor-icon-box-icon\">\n\t\t\t\t<span  class=\"elementor-icon\">\n\t\t\t\t<svg xmlns=\"http:\/\/www.w3.org\/2000\/svg\" id=\"a\" viewBox=\"0 0 60 60\"><defs><style>.b{fill:#005781;}.c{fill:#e3dbb2;}<\/style><\/defs><path class=\"c\" d=\"M30,3c14.89,0,27,12.11,27,27s-12.11,27-27,27S3,44.89,3,30,15.11,3,30,3m0-2C13.98,1,1,13.98,1,30s12.98,29,29,29,29-12.98,29-29S46.02,1,30,1h0Z\"><\/path><path class=\"b\" d=\"M36.35,17.28c-1.7,.14-3.07,.21-4.12,.21-.77,0-1.59-.02-2.46-.07-.47-.03-.75-.05-.84-.05-1.85,0-2.84,.04-2.98,.11-.06,.03-.1,.11-.11,.23-.05,.24-.25,2.95-.6,8.13,.68-.35,1.34-.6,1.98-.74,.64-.14,1.48-.22,2.53-.22,.74,0,1.26,.05,1.55,.14,1.44,.47,2.48,.9,3.12,1.28,.88,.55,1.6,1.17,2.15,1.88s1.07,1.73,1.54,3.09c.33,.97,.5,2,.5,3.06,0,1.16-.16,2.24-.49,3.24-.33,1-.74,1.83-1.22,2.5-.49,.67-1.21,1.37-2.17,2.09-.96,.72-2.09,1.28-3.39,1.66-1.3,.38-2.17,.58-2.62,.59l-3.31-.3c-.91-.15-1.71-.4-2.4-.74-.68-.34-1.14-.67-1.37-.99-.14-.2-.21-.46-.21-.78,0-.24,.17-.51,.51-.8,.34-.29,.76-.43,1.27-.43,.23,0,.48,.07,.75,.21l1.8,1.16c.41,.37,.92,.71,1.53,1.03,.09,.05,.32,.1,.69,.16,.88,.12,1.36,.18,1.44,.18,.33,0,.91-.14,1.71-.41,.81-.27,1.55-.74,2.24-1.41,.69-.66,1.28-1.5,1.77-2.52,.5-1.01,.74-2.14,.74-3.37,0-2.21-.69-4.03-2.08-5.47-1.39-1.43-3.05-2.15-5-2.15-.87,0-1.67,.14-2.41,.43-.74,.29-1.24,.61-1.5,.96l-.34,.14c-.18,.08-.31,.11-.39,.11l-.3-.07c-.05-.27-.07-.48-.07-.62,0-.12,.02-.32,.05-.62,.11-.75,.17-1.52,.18-2.32s.09-1.52,.25-2.16l-.06-1.1c.1-.56,.15-1.1,.17-1.62,.05-3.51,.2-5.53,.45-6.05,.11-.24,.29-.37,.55-.37,.11,0,.28,.02,.53,.05l.14,.02,2.9-.02c1.31,.08,2.28,.11,2.9,.11,1.43,0,2.58-.1,3.45-.3,.43-.4,.75-.59,.98-.59,.09,0,.26,.02,.5,.05l.07,.27-.18,.96-.12,1.53c-.01,.11-.08,.33-.21,.69Z\"><\/path><\/svg>\t\t\t\t<\/span>\n\t\t\t<\/div>\n\t\t\t\n\t\t\t\t\t\t<div class=\"elementor-icon-box-content\">\n\n\t\t\t\t\t\t\t\t\t<h3 class=\"elementor-icon-box-title\">\n\t\t\t\t\t\t<span  >\n\t\t\t\t\t\t\tEICHEN-TROMMELN\t\t\t\t\t\t<\/span>\n\t\t\t\t\t<\/h3>\n\t\t\t\t\n\t\t\t\t\t\t\t\t\t<p class=\"elementor-icon-box-description\">\n\t\t\t\t\t\tDie Winzer von La Cave de Gen\u00e8ve w\u00e4hlen franz\u00f6sische Eichenf\u00e4sser, die f\u00fcr die Qualit\u00e4t ihres Holzes, ihre Herstellung und ihre aromatische Finesse bekannt sind. Das Fachwissen der K\u00fcfer und die Angemessenheit zwischen der Art der F\u00e4sser und dem Profil des kommenden Weins bestimmen diese Auswahl. Die wichtigsten in Holz angebauten Trauben sind Chardonnay, Cabernet Franc, Cabernet Sauvignon, Merlot und Gamaret. Die Betriebe halten durchschnittlich 10 bis 12 Monate. Zus\u00e4tzlich zu den holzigen Aromen, die mit denen der betreffenden Traube verbunden werden, erm\u00f6glicht die Reifung im Fass eine Mikro-Sauerstoffanreicherung des Weins, die eine Stabilisierung der Farbe gew\u00e4hrleistet und den Tanninen mehr Rundheit verleiht.\t\t\t\t\t<\/p>\n\t\t\t\t\n\t\t\t<\/div>\n\t\t\t\n\t\t<\/div>\n\t\t\t\t\t\t<\/div>\n\t\t\t\t\t<\/div>\n\t\t<\/div>\n\t\t\t\t\t<\/div>\n\t\t<\/section>\n\t\t\t\t<\/div>\n\t\t","protected":false},"excerpt":{"rendered":"<p>Startseite Keller &#038; Cuverie Fokus Cuverie L\u2019\u0153nologie est un domaine complexe et passionnant, qui reste pour celles et ceux qui s\u2019y int\u00e9ressent, une vraie source de d\u00e9couvertes et de plaisirs. Si la vinification des vins blancs et ros\u00e9s est diff\u00e9rente de celle des vins rouges, les principes de base qui participent \u00e0 leur \u00e9laboration s\u2019av\u00e8rent [&hellip;]<\/p>\n","protected":false},"author":1434,"featured_media":0,"parent":0,"menu_order":0,"comment_status":"closed","ping_status":"closed","template":"","meta":{"footnotes":""},"class_list":["post-251798","page","type-page","status-publish","hentry"],"_links":{"self":[{"href":"https:\/\/www.cavedegeneve.ch\/de\/wp-json\/wp\/v2\/pages\/251798","targetHints":{"allow":["GET"]}}],"collection":[{"href":"https:\/\/www.cavedegeneve.ch\/de\/wp-json\/wp\/v2\/pages"}],"about":[{"href":"https:\/\/www.cavedegeneve.ch\/de\/wp-json\/wp\/v2\/types\/page"}],"author":[{"embeddable":true,"href":"https:\/\/www.cavedegeneve.ch\/de\/wp-json\/wp\/v2\/users\/1434"}],"replies":[{"embeddable":true,"href":"https:\/\/www.cavedegeneve.ch\/de\/wp-json\/wp\/v2\/comments?post=251798"}],"version-history":[{"count":0,"href":"https:\/\/www.cavedegeneve.ch\/de\/wp-json\/wp\/v2\/pages\/251798\/revisions"}],"wp:attachment":[{"href":"https:\/\/www.cavedegeneve.ch\/de\/wp-json\/wp\/v2\/media?parent=251798"}],"curies":[{"name":"wp","href":"https:\/\/api.w.org\/{rel}","templated":true}]}}