{"id":242103,"date":"2023-02-21T08:59:05","date_gmt":"2023-02-21T07:59:05","guid":{"rendered":"https:\/\/cave2023.prz.online\/ihre-erfahrungen-2\/"},"modified":"2023-10-04T07:29:26","modified_gmt":"2023-10-04T06:29:26","slug":"ihre-erfahrungen","status":"publish","type":"page","link":"https:\/\/www.cavedegeneve.ch\/de\/ihre-erfahrungen\/","title":{"rendered":"Ihre Erfahrungen"},"content":{"rendered":"\t\t<div data-elementor-type=\"wp-page\" data-elementor-id=\"242103\" class=\"elementor elementor-242103 elementor-233188\" data-elementor-post-type=\"page\">\n\t\t\t\t\t\t<section class=\"elementor-section elementor-top-section elementor-element elementor-element-fa30a14 elementor-section-full_width elementor-section-height-min-height elementor-section-height-default elementor-section-items-middle elementor-invisible\" data-id=\"fa30a14\" data-element_type=\"section\" data-settings=\"{&quot;jet_parallax_layout_list&quot;:[],&quot;background_background&quot;:&quot;classic&quot;,&quot;animation&quot;:&quot;fadeIn&quot;}\">\n\t\t\t\t\t\t<div class=\"elementor-container elementor-column-gap-default\">\n\t\t\t\t\t<div class=\"elementor-column elementor-col-100 elementor-top-column elementor-element elementor-element-6f9295ec\" data-id=\"6f9295ec\" data-element_type=\"column\">\n\t\t\t<div class=\"elementor-widget-wrap\">\n\t\t\t\t\t\t\t<\/div>\n\t\t<\/div>\n\t\t\t\t\t<\/div>\n\t\t<\/section>\n\t\t\t\t<section class=\"elementor-section elementor-top-section elementor-element elementor-element-775cd1ed elementor-section-boxed elementor-section-height-default elementor-section-height-default elementor-invisible\" data-id=\"775cd1ed\" data-element_type=\"section\" data-settings=\"{&quot;jet_parallax_layout_list&quot;:[],&quot;animation&quot;:&quot;fadeIn&quot;}\">\n\t\t\t\t\t\t<div class=\"elementor-container elementor-column-gap-default\">\n\t\t\t\t\t<div class=\"elementor-column elementor-col-100 elementor-top-column elementor-element elementor-element-1ab3f60\" data-id=\"1ab3f60\" data-element_type=\"column\">\n\t\t\t<div class=\"elementor-widget-wrap elementor-element-populated\">\n\t\t\t\t\t\t<div class=\"elementor-element elementor-element-38f3a62f elementor-icon-list--layout-inline breadcrumbs elementor-list-item-link-full_width elementor-invisible elementor-widget elementor-widget-icon-list\" data-id=\"38f3a62f\" data-element_type=\"widget\" data-settings=\"{&quot;_animation&quot;:&quot;fadeIn&quot;}\" data-widget_type=\"icon-list.default\">\n\t\t\t\t\t\t\t<ul class=\"elementor-icon-list-items elementor-inline-items\">\n\t\t\t\t\t\t\t<li class=\"elementor-icon-list-item elementor-inline-item\">\n\t\t\t\t\t\t\t\t\t\t\t<a href=\"https:\/\/www.cavedegeneve.ch\/de\/\">\n\n\t\t\t\t\t\t\t\t\t\t\t<span class=\"elementor-icon-list-text\">Startseite<\/span>\n\t\t\t\t\t\t\t\t\t\t\t<\/a>\n\t\t\t\t\t\t\t\t\t<\/li>\n\t\t\t\t\t\t\t\t<li class=\"elementor-icon-list-item elementor-inline-item\">\n\t\t\t\t\t\t\t\t\t\t\t<span class=\"elementor-icon-list-icon\">\n\t\t\t\t\t\t\t<svg xmlns=\"http:\/\/www.w3.org\/2000\/svg\" id=\"a\" viewBox=\"0 0 16 16\"><polygon points=\"5.18 15.35 4.47 14.65 11.12 8 4.47 1.35 5.18 .65 12.53 8 5.18 15.35\"><\/polygon><\/svg>\t\t\t\t\t\t<\/span>\n\t\t\t\t\t\t\t\t\t\t<span class=\"elementor-icon-list-text\">Ihre Erfahrungen<\/span>\n\t\t\t\t\t\t\t\t\t<\/li>\n\t\t\t\t\t\t<\/ul>\n\t\t\t\t\t\t<\/div>\n\t\t\t\t<div class=\"elementor-element elementor-element-3c7e82a4 elementor-invisible elementor-widget elementor-widget-heading\" data-id=\"3c7e82a4\" data-element_type=\"widget\" data-settings=\"{&quot;_animation&quot;:&quot;fadeInUp&quot;}\" data-widget_type=\"heading.default\">\n\t\t\t\t\t<h1 class=\"elementor-heading-title elementor-size-default\">Ihre Erfahrungen<\/h1>\t\t\t\t<\/div>\n\t\t\t\t<section class=\"elementor-section elementor-inner-section elementor-element elementor-element-e4e6593 elementor-section-boxed elementor-section-height-default elementor-section-height-default elementor-invisible\" data-id=\"e4e6593\" data-element_type=\"section\" data-settings=\"{&quot;jet_parallax_layout_list&quot;:[],&quot;animation&quot;:&quot;fadeIn&quot;}\">\n\t\t\t\t\t\t<div class=\"elementor-container elementor-column-gap-default\">\n\t\t\t\t\t<div class=\"elementor-column elementor-col-50 elementor-inner-column elementor-element elementor-element-87c1f47\" data-id=\"87c1f47\" data-element_type=\"column\">\n\t\t\t<div class=\"elementor-widget-wrap elementor-element-populated\">\n\t\t\t\t\t\t<div class=\"elementor-element elementor-element-271256f3 infobox elementor-position-top elementor-widget elementor-widget-image-box\" data-id=\"271256f3\" data-element_type=\"widget\" data-widget_type=\"image-box.default\">\n\t\t\t\t\t<div class=\"elementor-image-box-wrapper\"><figure class=\"elementor-image-box-img\"><a href=\"https:\/\/www.cavedegeneve.ch\/de\/ihre-erfahrungen\/weintourismus\/\" tabindex=\"-1\"><img fetchpriority=\"high\" decoding=\"async\" width=\"1080\" height=\"400\" src=\"https:\/\/www.cavedegeneve.ch\/wp-content\/uploads\/box-oenotouristique.jpg\" class=\"attachment-full size-full wp-image-251669\" alt=\"\" srcset=\"https:\/\/www.cavedegeneve.ch\/wp-content\/uploads\/box-oenotouristique.jpg 1080w, https:\/\/www.cavedegeneve.ch\/wp-content\/uploads\/box-oenotouristique-550x204.jpg 550w, https:\/\/www.cavedegeneve.ch\/wp-content\/uploads\/box-oenotouristique-1024x379.jpg 1024w, https:\/\/www.cavedegeneve.ch\/wp-content\/uploads\/box-oenotouristique-300x111.jpg 300w, https:\/\/www.cavedegeneve.ch\/wp-content\/uploads\/box-oenotouristique-600x222.jpg 600w\" sizes=\"(max-width: 1080px) 100vw, 1080px\" \/><\/a><\/figure><div class=\"elementor-image-box-content\"><h3 class=\"elementor-image-box-title\"><a href=\"https:\/\/www.cavedegeneve.ch\/de\/ihre-erfahrungen\/weintourismus\/\">Weintouristische Aktivit\u00e4ten<\/a><\/h3><p class=\"elementor-image-box-description\">Mit Leidenschaft und Enthusiasmus begleiteten wir Sie bei Ihrer Entdeckung der Weine und des reichen Genfer Weinbaugebiets.<\/p><\/div><\/div>\t\t\t\t<\/div>\n\t\t\t\t\t<\/div>\n\t\t<\/div>\n\t\t\t\t<div class=\"elementor-column elementor-col-50 elementor-inner-column elementor-element elementor-element-28d24bb1\" data-id=\"28d24bb1\" data-element_type=\"column\">\n\t\t\t<div class=\"elementor-widget-wrap elementor-element-populated\">\n\t\t\t\t\t\t<div class=\"elementor-element elementor-element-7557276d infobox elementor-position-top elementor-widget elementor-widget-image-box\" data-id=\"7557276d\" data-element_type=\"widget\" data-widget_type=\"image-box.default\">\n\t\t\t\t\t<div class=\"elementor-image-box-wrapper\"><figure class=\"elementor-image-box-img\"><a href=\"https:\/\/www.cavedegeneve.ch\/de\/ihre-erfahrungen\/unser-keller\/\" tabindex=\"-1\"><img decoding=\"async\" width=\"1080\" height=\"400\" src=\"https:\/\/www.cavedegeneve.ch\/wp-content\/uploads\/vendanges-box-1.jpg\" class=\"attachment-full size-full wp-image-233201\" alt=\"\" srcset=\"https:\/\/www.cavedegeneve.ch\/wp-content\/uploads\/vendanges-box-1.jpg 1080w, https:\/\/www.cavedegeneve.ch\/wp-content\/uploads\/vendanges-box-1-300x111.jpg 300w, https:\/\/www.cavedegeneve.ch\/wp-content\/uploads\/vendanges-box-1-600x222.jpg 600w, https:\/\/www.cavedegeneve.ch\/wp-content\/uploads\/vendanges-box-1-550x204.jpg 550w, https:\/\/www.cavedegeneve.ch\/wp-content\/uploads\/vendanges-box-1-1024x379.jpg 1024w\" sizes=\"(max-width: 1080px) 100vw, 1080px\" \/><\/a><\/figure><div class=\"elementor-image-box-content\"><h3 class=\"elementor-image-box-title\"><a href=\"https:\/\/www.cavedegeneve.ch\/de\/ihre-erfahrungen\/unser-keller\/\">Unser Keller<\/a><\/h3><p class=\"elementor-image-box-description\">Um die extreme Vielfalt seiner Produktreihen und die verschiedenen Pers\u00f6nlichkeiten seiner Weine, die vor Ort gekeltert und abgef\u00fcllt werden, zu entdecken...<\/p><\/div><\/div>\t\t\t\t<\/div>\n\t\t\t\t\t<\/div>\n\t\t<\/div>\n\t\t\t\t\t<\/div>\n\t\t<\/section>\n\t\t\t\t<section class=\"elementor-section elementor-inner-section elementor-element elementor-element-42a65a72 elementor-hidden-desktop elementor-hidden-tablet elementor-hidden-mobile elementor-section-boxed elementor-section-height-default elementor-section-height-default elementor-invisible\" data-id=\"42a65a72\" data-element_type=\"section\" data-settings=\"{&quot;jet_parallax_layout_list&quot;:[],&quot;animation&quot;:&quot;fadeIn&quot;}\">\n\t\t\t\t\t\t<div class=\"elementor-container elementor-column-gap-default\">\n\t\t\t\t\t<div class=\"elementor-column elementor-col-50 elementor-inner-column elementor-element elementor-element-39ca2292\" data-id=\"39ca2292\" data-element_type=\"column\">\n\t\t\t<div class=\"elementor-widget-wrap elementor-element-populated\">\n\t\t\t\t\t\t<div class=\"elementor-element elementor-element-41a610f infobox elementor-position-top elementor-widget elementor-widget-image-box\" data-id=\"41a610f\" data-element_type=\"widget\" data-widget_type=\"image-box.default\">\n\t\t\t\t\t<div class=\"elementor-image-box-wrapper\"><figure class=\"elementor-image-box-img\"><a href=\"https:\/\/www.cavedegeneve.ch\/de\/ihre-erfahrungen\/unser-keller\/\" tabindex=\"-1\"><img decoding=\"async\" width=\"1080\" height=\"400\" src=\"https:\/\/www.cavedegeneve.ch\/wp-content\/uploads\/popup-store-box-1.jpg\" class=\"attachment-full size-full wp-image-233192\" alt=\"\" srcset=\"https:\/\/www.cavedegeneve.ch\/wp-content\/uploads\/popup-store-box-1.jpg 1080w, https:\/\/www.cavedegeneve.ch\/wp-content\/uploads\/popup-store-box-1-300x111.jpg 300w, https:\/\/www.cavedegeneve.ch\/wp-content\/uploads\/popup-store-box-1-600x222.jpg 600w, https:\/\/www.cavedegeneve.ch\/wp-content\/uploads\/popup-store-box-1-550x204.jpg 550w, https:\/\/www.cavedegeneve.ch\/wp-content\/uploads\/popup-store-box-1-1024x379.jpg 1024w\" sizes=\"(max-width: 1080px) 100vw, 1080px\" \/><\/a><\/figure><div class=\"elementor-image-box-content\"><h3 class=\"elementor-image-box-title\"><a href=\"https:\/\/www.cavedegeneve.ch\/de\/ihre-erfahrungen\/unser-keller\/\">Pop Up Store Plan\u00e8te Charmilles<\/a><\/h3><p class=\"elementor-image-box-description\">Brauchen Sie oder haben Sie Lust, sich f\u00fcr die Aperitif-Saison auf der Terrasse mit guten Tropfen einzudecken? Besuchen Sie unseren brandneuen und...<\/p><\/div><\/div>\t\t\t\t<\/div>\n\t\t\t\t\t<\/div>\n\t\t<\/div>\n\t\t\t\t<div class=\"elementor-column elementor-col-50 elementor-inner-column elementor-element elementor-element-3b4b75fa\" data-id=\"3b4b75fa\" data-element_type=\"column\">\n\t\t\t<div class=\"elementor-widget-wrap elementor-element-populated\">\n\t\t\t\t\t\t<div class=\"elementor-element elementor-element-4975003 infobox elementor-hidden-desktop elementor-hidden-tablet elementor-hidden-mobile elementor-position-top elementor-widget elementor-widget-image-box\" data-id=\"4975003\" data-element_type=\"widget\" data-widget_type=\"image-box.default\">\n\t\t\t\t\t<div class=\"elementor-image-box-wrapper\"><figure class=\"elementor-image-box-img\"><a href=\"https:\/\/www.cavedegeneve.ch\/de\/ihre-erfahrungen\/personalisierung-des-etiketts\/\" tabindex=\"-1\"><img loading=\"lazy\" decoding=\"async\" width=\"1080\" height=\"400\" src=\"https:\/\/www.cavedegeneve.ch\/wp-content\/uploads\/etiquette-personnalisee-box-1.jpg\" class=\"attachment-full size-full wp-image-233195\" alt=\"\" srcset=\"https:\/\/www.cavedegeneve.ch\/wp-content\/uploads\/etiquette-personnalisee-box-1.jpg 1080w, https:\/\/www.cavedegeneve.ch\/wp-content\/uploads\/etiquette-personnalisee-box-1-300x111.jpg 300w, https:\/\/www.cavedegeneve.ch\/wp-content\/uploads\/etiquette-personnalisee-box-1-600x222.jpg 600w, https:\/\/www.cavedegeneve.ch\/wp-content\/uploads\/etiquette-personnalisee-box-1-550x204.jpg 550w, https:\/\/www.cavedegeneve.ch\/wp-content\/uploads\/etiquette-personnalisee-box-1-1024x379.jpg 1024w\" sizes=\"(max-width: 1080px) 100vw, 1080px\" \/><\/a><\/figure><div class=\"elementor-image-box-content\"><h3 class=\"elementor-image-box-title\"><a href=\"https:\/\/www.cavedegeneve.ch\/de\/ihre-erfahrungen\/personalisierung-des-etiketts\/\">Personalisierung<br> von Etiketten<\/a><\/h3><p class=\"elementor-image-box-description\">Hochzeiten, Geburtstage, Firmenessen oder alle anderen Anl\u00e4sse - wir bieten Ihnen die M\u00f6glichkeit, Ihre eigenen Flaschenetiketten zu gestalten...<\/p><\/div><\/div>\t\t\t\t<\/div>\n\t\t\t\t\t<\/div>\n\t\t<\/div>\n\t\t\t\t\t<\/div>\n\t\t<\/section>\n\t\t\t\t\t<\/div>\n\t\t<\/div>\n\t\t\t\t\t<\/div>\n\t\t<\/section>\n\t\t\t\t<\/div>\n\t\t","protected":false},"excerpt":{"rendered":"<p>Startseite Ihre Erfahrungen Weintouristische Aktivit\u00e4ten Mit Leidenschaft und Enthusiasmus begleiteten wir Sie bei Ihrer Entdeckung der Weine und des reichen Genfer Weinbaugebiets. Unser Keller Um die extreme Vielfalt seiner Produktreihen und die verschiedenen Pers\u00f6nlichkeiten seiner Weine, die vor Ort gekeltert und abgef\u00fcllt werden, zu entdecken&#8230; Pop Up Store Plan\u00e8te Charmilles Brauchen Sie oder haben Sie [&hellip;]<\/p>\n","protected":false},"author":1434,"featured_media":0,"parent":0,"menu_order":0,"comment_status":"closed","ping_status":"closed","template":"","meta":{"footnotes":""},"class_list":["post-242103","page","type-page","status-publish","hentry"],"_links":{"self":[{"href":"https:\/\/www.cavedegeneve.ch\/de\/wp-json\/wp\/v2\/pages\/242103","targetHints":{"allow":["GET"]}}],"collection":[{"href":"https:\/\/www.cavedegeneve.ch\/de\/wp-json\/wp\/v2\/pages"}],"about":[{"href":"https:\/\/www.cavedegeneve.ch\/de\/wp-json\/wp\/v2\/types\/page"}],"author":[{"embeddable":true,"href":"https:\/\/www.cavedegeneve.ch\/de\/wp-json\/wp\/v2\/users\/1434"}],"replies":[{"embeddable":true,"href":"https:\/\/www.cavedegeneve.ch\/de\/wp-json\/wp\/v2\/comments?post=242103"}],"version-history":[{"count":0,"href":"https:\/\/www.cavedegeneve.ch\/de\/wp-json\/wp\/v2\/pages\/242103\/revisions"}],"wp:attachment":[{"href":"https:\/\/www.cavedegeneve.ch\/de\/wp-json\/wp\/v2\/media?parent=242103"}],"curies":[{"name":"wp","href":"https:\/\/api.w.org\/{rel}","templated":true}]}}