{"id":241999,"date":"2023-02-21T08:58:58","date_gmt":"2023-02-21T07:58:58","guid":{"rendered":"https:\/\/cave2023.prz.online\/allgemeine-verkaufskonditionen\/"},"modified":"2024-02-14T15:14:06","modified_gmt":"2024-02-14T14:14:06","slug":"allgemeine-verkaufskonditionen","status":"publish","type":"page","link":"https:\/\/www.cavedegeneve.ch\/de\/allgemeine-verkaufskonditionen\/","title":{"rendered":"Allgemeine Verkaufskonditionen"},"content":{"rendered":"\t\t<div data-elementor-type=\"wp-page\" data-elementor-id=\"241999\" class=\"elementor elementor-241999 elementor-233161\" data-elementor-post-type=\"page\">\n\t\t\t\t<div class=\"elementor-element elementor-element-942578a e-con-full e-flex elementor-invisible e-con e-parent\" data-id=\"942578a\" data-element_type=\"container\" data-settings=\"{&quot;jet_parallax_layout_list&quot;:[],&quot;background_background&quot;:&quot;classic&quot;,&quot;animation&quot;:&quot;fadeIn&quot;}\">\n\t\t<div class=\"elementor-element elementor-element-d7bf7ef e-con-full e-flex e-con e-child\" data-id=\"d7bf7ef\" data-element_type=\"container\" data-settings=\"{&quot;jet_parallax_layout_list&quot;:[]}\">\n\t\t\t\t<\/div>\n\t\t\t\t<\/div>\n\t\t<div class=\"elementor-element elementor-element-f6118f7 e-flex e-con-boxed elementor-invisible e-con e-parent\" data-id=\"f6118f7\" data-element_type=\"container\" data-settings=\"{&quot;jet_parallax_layout_list&quot;:[],&quot;animation&quot;:&quot;fadeIn&quot;}\">\n\t\t\t\t\t<div class=\"e-con-inner\">\n\t\t<div class=\"elementor-element elementor-element-5b1eb02 e-con-full e-flex e-con e-child\" data-id=\"5b1eb02\" data-element_type=\"container\" data-settings=\"{&quot;jet_parallax_layout_list&quot;:[]}\">\n\t\t\t\t<div class=\"elementor-element elementor-element-0536b95 elementor-icon-list--layout-inline breadcrumbs elementor-list-item-link-full_width elementor-invisible elementor-widget elementor-widget-icon-list\" data-id=\"0536b95\" data-element_type=\"widget\" data-settings=\"{&quot;_animation&quot;:&quot;fadeIn&quot;}\" data-widget_type=\"icon-list.default\">\n\t\t\t\t\t\t\t<ul class=\"elementor-icon-list-items elementor-inline-items\">\n\t\t\t\t\t\t\t<li class=\"elementor-icon-list-item elementor-inline-item\">\n\t\t\t\t\t\t\t\t\t\t\t<a href=\"https:\/\/www.cavedegeneve.ch\/de\/\">\n\n\t\t\t\t\t\t\t\t\t\t\t<span class=\"elementor-icon-list-text\">Accueil<\/span>\n\t\t\t\t\t\t\t\t\t\t\t<\/a>\n\t\t\t\t\t\t\t\t\t<\/li>\n\t\t\t\t\t\t\t\t<li class=\"elementor-icon-list-item elementor-inline-item\">\n\t\t\t\t\t\t\t\t\t\t\t<span class=\"elementor-icon-list-icon\">\n\t\t\t\t\t\t\t<svg xmlns=\"http:\/\/www.w3.org\/2000\/svg\" id=\"a\" viewBox=\"0 0 16 16\"><polygon points=\"5.18 15.35 4.47 14.65 11.12 8 4.47 1.35 5.18 .65 12.53 8 5.18 15.35\"><\/polygon><\/svg>\t\t\t\t\t\t<\/span>\n\t\t\t\t\t\t\t\t\t\t<span class=\"elementor-icon-list-text\">Allgemeine Verkaufskonditionen<\/span>\n\t\t\t\t\t\t\t\t\t<\/li>\n\t\t\t\t\t\t<\/ul>\n\t\t\t\t\t\t<\/div>\n\t\t\t\t<div class=\"elementor-element elementor-element-2f4f592 elementor-invisible elementor-widget elementor-widget-heading\" data-id=\"2f4f592\" data-element_type=\"widget\" data-settings=\"{&quot;_animation&quot;:&quot;fadeInUp&quot;}\" data-widget_type=\"heading.default\">\n\t\t\t\t\t<h1 class=\"elementor-heading-title elementor-size-default\">Allgemeine Verkaufskonditionen<\/h1>\t\t\t\t<\/div>\n\t\t\t\t<div class=\"elementor-element elementor-element-5790711 elementor-widget elementor-widget-text-editor\" data-id=\"5790711\" data-element_type=\"widget\" data-widget_type=\"text-editor.default\">\n\t\t\t\t\t\t\t\t\t<p>Diese Bedingungen gelten nur f\u00fcr Bestellungen, die in die Schweiz geliefert werden.<\/p>\n<p><strong>Verkauf von Alkohol an Minderj\u00e4hrige:<\/strong><\/p>\n<p>Die Cave de Gen\u00e8ve SA bietet den Verkauf von alkoholischen Getr\u00e4nken auf ihrer Website (www.cavedegeneve.ch) nur Personen an, die das gesetzliche Mindestalter f\u00fcr den Konsum von alkoholischen Getr\u00e4nken erreicht haben (16 Jahre oder \u00e4lter). Indem Sie unsere Allgemeinen Gesch\u00e4ftsbedingungen akzeptieren, best\u00e4tigen Sie, dass Sie zum Zeitpunkt der Bestellung 16 Jahre oder \u00e4lter sind.<\/p>\n<p>Keine Informationen oder Artikel auf der Website von La Cave de Gen\u00e8ve SA d\u00fcrfen als Aufforderung zum Alkoholkonsum von Minderj\u00e4hrigen verstanden werden.<\/p>\n<p><strong>Lieferung in der Schweiz:<\/strong><\/p>\n<p>&#8211; 1 bis 11 Flaschen: Fr. 15.00<br \/>\n&#8211; ab 12 Flaschen: Lieferung gratis.<\/p>\n<p>Alle unsere Weine werden per Spedition nach Genf und per &#8222;Vinolog&#8220; (Die Post) in die \u00fcbrige Schweiz geliefert.<\/p>\n<p><strong>Versand von Flaschen ins Ausland:<\/strong><\/p>\n<p>Kontaktieren Sie uns direkt f\u00fcr den Versand von Flaschen ins Ausland: <a href=\"mailto:info@cavedegeneve.ch\">info@cavedegeneve.ch<\/a><\/p>\n<p><strong>Lieferfristen:<\/strong><\/p>\n<p>Genf und Umgebung: 3 bis 6 Werktage.<br \/>\nAndere Schweizer Kantone: 7 bis 10 Werktage.<\/p>\n<p><strong>PREISE<\/strong><\/p>\n<p>Die Preise gelten f\u00fcr Privatkunden und verstehen sich inklusive aller Steuern.<\/p>\n<p><strong>BEZAHLUNG EINER BESTELLUNG<\/strong><\/p>\n<p>Sie k\u00f6nnen Ihre Bestellung auf 2 Arten bezahlen:<br \/>\n&#8211; auf Rechnung, innerhalb von 30 Tagen<br \/>\n&#8211; per Kreditkarte Eurocard\/Mastercard oder VISA \u00fcber unser SSL-gesichertes Fernzahlungssystem.<br \/>\nWir verwenden Ihre Daten ausschlie\u00dflich zur Bearbeitung Ihrer Bestellung.<br \/>\nSie werden nicht zu Werbezwecken an Dritte weitergegeben.<\/p>\n<p><strong>QUALIT\u00c4T UNSERER WEINE<\/strong><\/p>\n<p>Wir sind seit jeher bestrebt, qualitativ hochwertige Weine zu erzeugen, von der Produktion im Weinberg \u00fcber die Weinbereitung, den Ausbau im Keller und schlie\u00dflich die Lagerung.<br \/>\nWir m\u00f6chten Sie daran erinnern, dass Wein ein &#8222;lebendes&#8220; Produkt ist, das in seiner Entwicklung Perioden durchl\u00e4uft, die mehr oder weniger g\u00fcnstig f\u00fcr die Verkostung sind und die niemand vorhersehen oder beherrschen kann. Wenn Ihnen ein Wein bei einer Verkostung verschlossen und wenig ausdrucksstark erscheint, schlie\u00dfen Sie daraus nicht, dass er Ihnen nie gefallen wird, legen Sie ihn beiseite und probieren Sie ihn einige Zeit sp\u00e4ter&#8230;..<\/p>\n<p>Was den &#8222;Korkgeschmack&#8220; betrifft, weisen wir darauf hin, dass unsere Korken aus Kork, einem Naturprodukt, bestehen und dass sich in einer Partie von sehr guter Qualit\u00e4t und selbst in einem Korken, der perfekt zu sein scheint, ein Fehler verbergen kann. Diese F\u00e4lle sind selten (weit unterhalb der Toleranznormen des Bundesamtes f\u00fcr Wein).<br \/>\nDennoch tauschen wir Ihnen fehlerhafte Flaschen gegen Vorlage der Flasche gerne um.<\/p>\n\t\t\t\t\t\t\t\t<\/div>\n\t\t\t\t<\/div>\n\t\t\t\t\t<\/div>\n\t\t\t\t<\/div>\n\t\t<div class=\"elementor-element elementor-element-092d827 e-flex e-con-boxed e-con e-parent\" data-id=\"092d827\" data-element_type=\"container\" data-settings=\"{&quot;jet_parallax_layout_list&quot;:[]}\">\n\t\t\t\t\t<div class=\"e-con-inner\">\n\t\t\t\t\t<\/div>\n\t\t\t\t<\/div>\n\t\t\t\t<\/div>\n\t\t","protected":false},"excerpt":{"rendered":"<p>Accueil Allgemeine Verkaufskonditionen Diese Bedingungen gelten nur f\u00fcr Bestellungen, die in die Schweiz geliefert werden. Verkauf von Alkohol an Minderj\u00e4hrige: Die Cave de Gen\u00e8ve SA bietet den Verkauf von alkoholischen Getr\u00e4nken auf ihrer Website (www.cavedegeneve.ch) nur Personen an, die das gesetzliche Mindestalter f\u00fcr den Konsum von alkoholischen Getr\u00e4nken erreicht haben (16 Jahre oder \u00e4lter). Indem [&hellip;]<\/p>\n","protected":false},"author":1434,"featured_media":0,"parent":0,"menu_order":0,"comment_status":"closed","ping_status":"closed","template":"","meta":{"footnotes":""},"class_list":["post-241999","page","type-page","status-publish","hentry"],"_links":{"self":[{"href":"https:\/\/www.cavedegeneve.ch\/de\/wp-json\/wp\/v2\/pages\/241999","targetHints":{"allow":["GET"]}}],"collection":[{"href":"https:\/\/www.cavedegeneve.ch\/de\/wp-json\/wp\/v2\/pages"}],"about":[{"href":"https:\/\/www.cavedegeneve.ch\/de\/wp-json\/wp\/v2\/types\/page"}],"author":[{"embeddable":true,"href":"https:\/\/www.cavedegeneve.ch\/de\/wp-json\/wp\/v2\/users\/1434"}],"replies":[{"embeddable":true,"href":"https:\/\/www.cavedegeneve.ch\/de\/wp-json\/wp\/v2\/comments?post=241999"}],"version-history":[{"count":0,"href":"https:\/\/www.cavedegeneve.ch\/de\/wp-json\/wp\/v2\/pages\/241999\/revisions"}],"wp:attachment":[{"href":"https:\/\/www.cavedegeneve.ch\/de\/wp-json\/wp\/v2\/media?parent=241999"}],"curies":[{"name":"wp","href":"https:\/\/api.w.org\/{rel}","templated":true}]}}